{"id":21,"date":"2021-01-06T13:40:29","date_gmt":"2021-01-06T13:40:29","guid":{"rendered":"http:\/\/sundtindeklima.dk\/?page_id=21"},"modified":"2022-08-31T01:37:25","modified_gmt":"2022-08-31T00:37:25","slug":"salgs-leveringsbetingelser","status":"publish","type":"page","link":"https:\/\/sundtindeklima.dk\/?page_id=21","title":{"rendered":"Salgs &#038; Leveringsbetingelser"},"content":{"rendered":"\t\t<div data-elementor-type=\"wp-page\" data-elementor-id=\"21\" class=\"elementor elementor-21\" data-elementor-post-type=\"page\">\n\t\t\t\t\t\t<section class=\"elementor-section elementor-top-section elementor-element elementor-element-4e658e51 elementor-section-boxed elementor-section-height-default elementor-section-height-default\" data-id=\"4e658e51\" data-element_type=\"section\" data-e-type=\"section\">\n\t\t\t\t\t\t<div class=\"elementor-container elementor-column-gap-default\">\n\t\t\t\t\t<div class=\"elementor-column elementor-col-100 elementor-top-column elementor-element elementor-element-5d84b4ae\" data-id=\"5d84b4ae\" data-element_type=\"column\" data-e-type=\"column\">\n\t\t\t<div class=\"elementor-widget-wrap elementor-element-populated\">\n\t\t\t\t\t\t<div class=\"elementor-element elementor-element-1b81ec82 elementor-widget elementor-widget-text-editor\" data-id=\"1b81ec82\" data-element_type=\"widget\" data-e-type=\"widget\" data-widget_type=\"text-editor.default\">\n\t\t\t\t<div class=\"elementor-widget-container\">\n\t\t\t\t\t\t\t\t\t<h5><strong>Salgs- og leveringsbetingelser<\/strong><\/h5>\n<p>Nedenst\u00e5ende salgs- og leveringsbetingelser g\u00e6lder for alle leverancer fra Sundt-Indeklima. Betingelserne g\u00e6lder i det tilf\u00e6lde, hvor der ikke er indg\u00e5et andre skriftlige aftaler mellem k\u00f8ber og Sundt-Indeklima.<\/p>\n<h5><strong>Dokumentation og vejledning<\/strong><\/h5>\n<p>Dersom der findes produktbeskrivelser og brugervejledninger til varen, f\u00f8lger disse med leverancen fra Sundt-Indeklima. \u00d8nsker du yderligere oplysning eller r\u00e5dgivning fra vor side, er denne af vejledende art.<\/p>\n<h5><strong>Leveringstidspunkt og transport<\/strong><\/h5>\n<p>Levering af vandv\u00e6gge fra Sundt-Indeklima&nbsp;anses for sket, n\u00e5r kunden har f\u00e5et varen udleveret, og denne er sat i drift af Sundt-Indeklima.&nbsp;<\/p>\n<h5><strong style=\"color: inherit; font-family: inherit; font-size: 1.25rem;\">Reklamation<\/strong><br><\/h5>\n<p>Eventuelle fejl eller mangler ved produkter\/varer leveret fra Sundt-Indeklima&nbsp;skal p\u00e5ber\u00e5bes inden 2 m\u00e5neder efter, at du har opdaget fejlen. Det er din pligt at angive, og p\u00e5 forlangende vise, hvordan fejlen eller manglen ytrer sig. Dersom du opdager en fejl, skal du rette henvendelse til Sundt-Indeklima. Du kan som udgangspunkt kun klage over fejl, der viser sig senest 1 \u00e5r efter du har f\u00e5et varen leveret.&nbsp;<\/p>\n<h5><strong>Fortrydelsesret<\/strong><\/h5>\n<p>Sundt-Indeklima &#8211; Som virksomhed, kan du f\u00e5 Anubis40 eller Aquawall p\u00e5 pr\u00f8ve i 3 uger, inden der indg\u00e5s en endelig aftale, om evt. leje eller k\u00f8b<br>\u00d8nsker du en af de store modeller, fremstilles de efter jeres behov, og kan derfor ikke byttes, men \u00f8nsker i at teste om en vandv\u00e6g g\u00f8r godt for jeres indeklima og jeres medarbejdere, kan i f\u00e5 en eller flere Aquawall p\u00e5 pr\u00f8ve, inden i s\u00e5 bestiller en stor model.<\/p>\n<h5><strong>Oplysningspligt<\/strong><\/h5>\n<p>Aftaler (k\u00f8bsordrer) kan indg\u00e5s p\u00e5 dansk eller engelsk og opbevares af virksomheden i 5 \u00e5r, i henhold til bogf\u00f8ringsloven. Det er ikke muligt efterf\u00f8lgende at tilg\u00e5 kontrakten via vores website. Hvis du \u00f8nsker, at f\u00e5 tilsendt et nyt eksemplar af kontrakten pr. e-mail, s\u00e5 send en e-mail til:&nbsp;<a href=\"mailto:info@sundtindeklima.dk\" target=\"_blank\">info@sundtindeklima.dk<\/a>.<\/p>\n<h5><strong>Pris og betaling<\/strong><\/h5>\n<p>Hos Sundt-Indeklima mulighed for at betale med Dankort, Visa\/Dankort, Visa, VIsa Electron, MasterCard samt Maestro. Alle priser p\u00e5 Sundt Indeklimas hjemmside er inkl. moms, men ekskl. porto\/fragt. G\u00e6ldende til Gr\u00f8nland og F\u00e6r\u00f8erne: Betaling finder sted ud fra Post Danmark \u201cCarry On\u201d(Fly) g\u00e6ldende rater.<\/p>\t\t\t\t\t\t\t\t<\/div>\n\t\t\t\t<\/div>\n\t\t\t\t\t<\/div>\n\t\t<\/div>\n\t\t\t\t\t<\/div>\n\t\t<\/section>\n\t\t\t\t<\/div>\n\t\t","protected":false},"excerpt":{"rendered":"<p>Salgs- og leveringsbetingelser Nedenst\u00e5ende salgs- og leveringsbetingelser g\u00e6lder for alle leverancer fra Sundt-Indeklima. Betingelserne g\u00e6lder i det tilf\u00e6lde, hvor der ikke er indg\u00e5et andre skriftlige aftaler mellem k\u00f8ber og Sundt-Indeklima. Dokumentation og vejledning Dersom der findes produktbeskrivelser og brugervejledninger til varen, f\u00f8lger disse med leverancen fra Sundt-Indeklima. \u00d8nsker du yderligere oplysning eller r\u00e5dgivning fra vor [&hellip;]<\/p>\n","protected":false},"author":3,"featured_media":0,"parent":0,"menu_order":0,"comment_status":"closed","ping_status":"closed","template":"","meta":{"footnotes":""},"class_list":["post-21","page","type-page","status-publish","hentry"],"_links":{"self":[{"href":"https:\/\/sundtindeklima.dk\/index.php?rest_route=\/wp\/v2\/pages\/21","targetHints":{"allow":["GET"]}}],"collection":[{"href":"https:\/\/sundtindeklima.dk\/index.php?rest_route=\/wp\/v2\/pages"}],"about":[{"href":"https:\/\/sundtindeklima.dk\/index.php?rest_route=\/wp\/v2\/types\/page"}],"author":[{"embeddable":true,"href":"https:\/\/sundtindeklima.dk\/index.php?rest_route=\/wp\/v2\/users\/3"}],"replies":[{"embeddable":true,"href":"https:\/\/sundtindeklima.dk\/index.php?rest_route=%2Fwp%2Fv2%2Fcomments&post=21"}],"version-history":[{"count":8,"href":"https:\/\/sundtindeklima.dk\/index.php?rest_route=\/wp\/v2\/pages\/21\/revisions"}],"predecessor-version":[{"id":811,"href":"https:\/\/sundtindeklima.dk\/index.php?rest_route=\/wp\/v2\/pages\/21\/revisions\/811"}],"wp:attachment":[{"href":"https:\/\/sundtindeklima.dk\/index.php?rest_route=%2Fwp%2Fv2%2Fmedia&parent=21"}],"curies":[{"name":"wp","href":"https:\/\/api.w.org\/{rel}","templated":true}]}}